{"id":1205,"date":"2019-05-13T13:07:42","date_gmt":"2019-05-13T11:07:42","guid":{"rendered":"https:\/\/www.spadreams.pl\/blog\/?page_id=1205"},"modified":"2019-06-19T12:07:15","modified_gmt":"2019-06-19T10:07:15","slug":"sitemap","status":"publish","type":"page","link":"https:\/\/www.spadreams.pl\/blog\/sitemap\/","title":{"rendered":"Mapa sytuacyjna"},"content":{"rendered":"<p><!--StartFragment--><\/p>\n<ul>\n<li><a href=\"https:\/\/fitreisen-de.fit-wordpress.stage.fitreisen.de\/\">Strona startowa<\/a><\/li>\n<\/ul>\n\n\n<h3>Alle Artikel:<\/h3>\n\n\n\n<ul class=\"display-posts-listing\"><li class=\"listing-item\"><a class=\"title\" href=\"https:\/\/www.spadreams.pl\/blog\/zimno-jako-cud-dla-zdrowia-skad-wzial-sie-fenomen-terapii-zimnem\/\">Zimno jako cud dla zdrowia \u2013 Sk\u0105d wzi\u0105\u0142 si\u0119 fenomen terapii zimnem?<\/a><\/li><li class=\"listing-item\"><a class=\"title\" href=\"https:\/\/www.spadreams.pl\/blog\/10-najpopularniejszych-miejsc-turystycznych-w-azji-wedlug-wyszukiwan-w-internecie\/\">10 najpopularniejszych miejsc turystycznych w Azji wed\u0142ug wyszukiwa\u0144 w internecie<\/a><\/li><li class=\"listing-item\"><a class=\"title\" href=\"https:\/\/www.spadreams.pl\/blog\/ktora-destynacja-jest-dla-ciebie-odpowiednia-twoja-dosha-ma-odpowiedz\/\">Kt\u00f3ra destynacja jest dla Ciebie odpowiednia? Twoja dosha ma odpowied\u017a!<\/a><\/li><li class=\"listing-item\"><a class=\"title\" href=\"https:\/\/www.spadreams.pl\/blog\/test-ajurwedyjski-jaki-jest-twoj-typ-dosha\/\">Test ajurwedyjski &#8211; Jaki jest Tw\u00f3j typ Dosha?<\/a><\/li><li class=\"listing-item\"><a class=\"title\" href=\"https:\/\/www.spadreams.pl\/blog\/typy-ajurwedyjskie-kapha-spokojna-dosha\/\">Typy ajurwedyjskie: Kapha, spokojna Dosha<\/a><\/li><li class=\"listing-item\"><a class=\"title\" href=\"https:\/\/www.spadreams.pl\/blog\/typy-ajurwedyjskie-pitta-porywcza-dosza\/\">Typy ajurwedyjskie: Pitta, porywcza dosza<\/a><\/li><li class=\"listing-item\"><a class=\"title\" href=\"https:\/\/www.spadreams.pl\/blog\/typy-ajurwedyjskie-vata-zmienna-dosha\/\">Typy ajurwedyjskie: Vata, zmienna Dosha<\/a><\/li><li class=\"listing-item\"><a class=\"title\" href=\"https:\/\/www.spadreams.pl\/blog\/shirodhara-ajurwedyjskie-polewanie-olejem-czola\/\">Shirodhara &#8211; ajurwedyjskie polewanie olejem czo\u0142a<\/a><\/li><li class=\"listing-item\"><a class=\"title\" href=\"https:\/\/www.spadreams.pl\/blog\/wywiad-z-dr-jobin-walka-z-otyloscia-za-pomoca-ajurwedy\/\">Wywiad z Dr. Jobin: walka z oty\u0142o\u015bci\u0105 za pomoc\u0105 Ajurwedy<\/a><\/li><li class=\"listing-item\"><a class=\"title\" href=\"https:\/\/www.spadreams.pl\/blog\/kampania-swiadomosci-ajurwedy-odkrywanie-ajurwedyjskiego-podejscia-do-leczenia-luszczycy\/\">Kampania \u015bwiadomo\u015bci ajurwedy: Odkrywanie ajurwedyjskiego podej\u015bcia do leczenia \u0142uszczycy<\/a><\/li><li class=\"listing-item\"><a class=\"title\" href=\"https:\/\/www.spadreams.pl\/blog\/masaz-ajurwedyjski-procedura-dzialanie-i-rodzaje-indyjskiej-techniki-masazu\/\">Masa\u017c ajurwedyjski \u2014 procedura, dzia\u0142anie i rodzaje indyjskiej techniki masa\u017cu<\/a><\/li><li class=\"listing-item\"><a class=\"title\" href=\"https:\/\/www.spadreams.pl\/blog\/tropikalne-drinki-ktore-lagodza-pragnienie-podrozy\/\">Tropikalne drinki, kt\u00f3re \u0142agodz\u0105 pragnienie podr\u00f3\u017cy<\/a><\/li><li class=\"listing-item\"><a class=\"title\" href=\"https:\/\/www.spadreams.pl\/blog\/podrozuj-z-trendami-2024-najpiekniejsze-miejsca-na-swiecie-w-kolorze-peach-fuzz\/\">Podr\u00f3\u017cuj z trendami 2024: najpi\u0119kniejsze miejsca na \u015bwiecie w kolorze &#8220;Peach Fuzz&#8221;<\/a><\/li><li class=\"listing-item\"><a class=\"title\" href=\"https:\/\/www.spadreams.pl\/blog\/ajurweda-na-tradzik\/\">Ajurweda na tr\u0105dzik &#8211; 9 wskaz\u00f3wek, jak ajurweda mo\u017ce pom\u00f3c w walce z tr\u0105dzikiem<\/a><\/li><li class=\"listing-item\"><a class=\"title\" href=\"https:\/\/www.spadreams.pl\/blog\/ajurweda-na-odchudzanie\/\">Ajurweda na odchudzanie &#8211; 6 prostych wskaz\u00f3wek<\/a><\/li><li class=\"listing-item\"><a class=\"title\" href=\"https:\/\/www.spadreams.pl\/blog\/ajurweda-przeciwko-depresji\/\">Ajurweda przeciwko depresji &#8211; 7 wskaz\u00f3wek, kt\u00f3re u\u0142atwi\u0105 Ci \u017cycie.<\/a><\/li><li class=\"listing-item\"><a class=\"title\" href=\"https:\/\/www.spadreams.pl\/blog\/ajurweda-na-luszczyce-7-wskazowek-jak-poprawic-stan-skory\/\">Ajurweda na \u0142uszczyc\u0119 &#8211; 7 wskaz\u00f3wek jak poprawi\u0107 stan sk\u00f3ry z \u0142uszczyc\u0105<\/a><\/li><li class=\"listing-item\"><a class=\"title\" href=\"https:\/\/www.spadreams.pl\/blog\/ajurweda-przeciwko-stresowi-7-ajurwedyjskich-porad-na-stres\/\">Ajurweda przeciwko stresowi &#8211; 7 ajurwedyjskich porad, jak radzi\u0107 sobie ze stresem<\/a><\/li><li class=\"listing-item\"><a class=\"title\" href=\"https:\/\/www.spadreams.pl\/blog\/ajurweda-leczenie-zapalenia-oskrzeli-i-10-ajurwedyjskich-porad\/\">Ajurweda leczenie zapalenia oskrzeli i 10 ajurwedyjskich porad dla zdrowych p\u0142uc<\/a><\/li><li class=\"listing-item\"><a class=\"title\" href=\"https:\/\/www.spadreams.pl\/blog\/ajurweda-na-covid-19\/\">Ajurweda na Covid-19 &#8211; wzmocnij swoj\u0105 naturaln\u0105 odporno\u015b\u0107 dzi\u0119ki tym 6 zaleceniom<\/a><\/li><li class=\"listing-item\"><a class=\"title\" href=\"https:\/\/www.spadreams.pl\/blog\/ajurweda-przeciwko-cukrzycy-10-wskazowek-jak-ajurweda-moze-pomoc\/\">Ajurweda przeciwko cukrzycy &#8211; 10 wskaz\u00f3wek, jak Ajurweda mo\u017ce pom\u00f3c<\/a><\/li><li class=\"listing-item\"><a class=\"title\" href=\"https:\/\/www.spadreams.pl\/blog\/ajurweda-dla-wzmocnienia-nerek-9-wskazowek-dla-zdrowych-nerek\/\">Ajurweda dla wzmocnienia nerek: 9 wskaz\u00f3wek dla zdrowych nerek<\/a><\/li><li class=\"listing-item\"><a class=\"title\" href=\"https:\/\/www.spadreams.pl\/blog\/ajurweda-na-endometrioze-10-wskazowek-jak-zlagodzic-objawy\/\">Ajurweda na endometrioz\u0119 &#8211; 10 wskaz\u00f3wek, jak z\u0142agodzi\u0107 objawy<\/a><\/li><li class=\"listing-item\"><a class=\"title\" href=\"https:\/\/www.spadreams.pl\/blog\/relacja-sri-lanka-koronawirus\/\">Relacja z podr\u00f3\u017cy &#8211; poznaj ajurwed\u0119 na Sri Lance w czasach Koronawirusa.<\/a><\/li><li class=\"listing-item\"><a class=\"title\" href=\"https:\/\/www.spadreams.pl\/blog\/klinika-malteser-weckbecker-wywiad-z-dr-matejka\/\">Klinika Malteser  Weckbecker &#8211; Wywiad z dr. Matejk\u0105<\/a><\/li><li class=\"listing-item\"><a class=\"title\" href=\"https:\/\/www.spadreams.pl\/blog\/dieta-pegan-co-kryje-sie-za-ta-dieta\/\">Dieta Pegan &#8211; Co kryje si\u0119 za t\u0105 diet\u0105?<\/a><\/li><li class=\"listing-item\"><a class=\"title\" href=\"https:\/\/www.spadreams.pl\/blog\/dlaczego-ajurweda-czyni-nas-szczesliwymi-i-zdrowymi\/\">Dlaczego Ajurweda czyni nas szcz\u0119\u015bliwymi i zdrowymi<\/a><\/li><li class=\"listing-item\"><a class=\"title\" href=\"https:\/\/www.spadreams.pl\/blog\/ajurweda-latem-5-zalet\/\">Ajurweda latem \u2013 5 zalet<\/a><\/li><li class=\"listing-item\"><a class=\"title\" href=\"https:\/\/www.spadreams.pl\/blog\/1116-2\/\">Kalendarz Adwentowy<\/a><\/li><li class=\"listing-item\"><a class=\"title\" href=\"https:\/\/www.spadreams.pl\/blog\/oczyszczanie-jelit\/\">Oczyszczanie jelit<\/a><\/li><li class=\"listing-item\"><a class=\"title\" href=\"https:\/\/www.spadreams.pl\/blog\/zwyciezcy-konkursu-hellospringcontest-2018\/\">Zwyci\u0119zcy konkursu #HelloSpringContest 2018!<\/a><\/li><li class=\"listing-item\"><a class=\"title\" href=\"https:\/\/www.spadreams.pl\/blog\/powody-dla-ktorych-kuracja-ajurwedyjska-trwa-co-najmniej-3-tygodnie\/\">Powody, dla kt\u00f3rych kuracja ajurwedyjska trwa co najmniej 3 tygodnie<\/a><\/li><li class=\"listing-item\"><a class=\"title\" href=\"https:\/\/www.spadreams.pl\/blog\/jak-urzadzic-sobie-domowe-spa-w-6-prostych-krokach\/\">Jak urz\u0105dzi\u0107 sobie domowe spa w 6 prostych krokach?<\/a><\/li><li class=\"listing-item\"><a class=\"title\" href=\"https:\/\/www.spadreams.pl\/blog\/najlepsze-hotele-w-kerali-ajurwedyjskiej-stolicy-indii\/\">Najlepsze hotele w Kerali &#8211; ajurwedyjskiej stolicy Indii<\/a><\/li><li class=\"listing-item\"><a class=\"title\" href=\"https:\/\/www.spadreams.pl\/blog\/jesien-nad-baltykiem\/\">Jesie\u0144 nad Ba\u0142tykiem<\/a><\/li><li class=\"listing-item\"><a class=\"title\" href=\"https:\/\/www.spadreams.pl\/blog\/przewodnik-po-tajlandii-zwyczaje-i-kultura\/\">Przewodnik po Tajlandii &#8211; zwyczaje i kultura<\/a><\/li><li class=\"listing-item\"><a class=\"title\" href=\"https:\/\/www.spadreams.pl\/blog\/poznaj-swoj-typ-doszy\/\">Poznaj sw\u00f3j typ doszy<\/a><\/li><li class=\"listing-item\"><a class=\"title\" href=\"https:\/\/www.spadreams.pl\/blog\/10-powodow-dla-ktorych-kupon-podarunkowy-spadreams-jest-idealnym-prezentem\/\">10 powod\u00f3w, dla kt\u00f3rych kupon podarunkowy SpaDreams jest idealnym prezentem<\/a><\/li><li class=\"listing-item\"><a class=\"title\" href=\"https:\/\/www.spadreams.pl\/blog\/najlepsze-hotele-w-budapeszcie\/\">Najlepsze hotele w Budapeszcie<\/a><\/li><li class=\"listing-item\"><a class=\"title\" href=\"https:\/\/www.spadreams.pl\/blog\/jak-zarezerwowac-wakacje-z-kuracja-nad-morzem-martwym\/\">Jak zarezerwowa\u0107 wakacje z kuracj\u0105 nad Morzem Martwym?<\/a><\/li><li class=\"listing-item\"><a class=\"title\" href=\"https:\/\/www.spadreams.pl\/blog\/najlepsze-hotele-na-mauritiusie-przezyj-cudowne-wakacje-na-tropikalnej-wyspie\/\">Najlepsze hotele na Mauritiusie:  prze\u017cyj cudowne wakacje na tropikalnej wyspie<\/a><\/li><li class=\"listing-item\"><a class=\"title\" href=\"https:\/\/www.spadreams.pl\/blog\/4-rzeczy-o-glodowce-zdrowotnej-o-ktorych-wiekszosc-z-nas-nie-wie\/\">4 rzeczy o g\u0142od\u00f3wce zdrowotnej, o kt\u00f3rych wi\u0119kszo\u015b\u0107 z nas nie wie<\/a><\/li><li class=\"listing-item\"><a class=\"title\" href=\"https:\/\/www.spadreams.pl\/blog\/ajurweda-w-zyciu-codziennym-jak-nie-dac-sie-stresowi\/\">Ajurweda w \u017cyciu codziennym: jak nie da\u0107 si\u0119 stresowi<\/a><\/li><li class=\"listing-item\"><a class=\"title\" href=\"https:\/\/www.spadreams.pl\/blog\/relacja-naszej-czytelniczki-dieta-ajurwedyjska-srodkiem-do-poprawy-wygladu-oraz-lepszego-samopoczucia\/\">Relacja naszej czytelniczki: Dieta ajurwedyjska \u015brodkiem do poprawy wygl\u0105du oraz lepszego samopoczucia<\/a><\/li><li class=\"listing-item\"><a class=\"title\" href=\"https:\/\/www.spadreams.pl\/blog\/ciasteczka-z-orzechami-wloskimi-oraz-platkami-owsianymi\/\">Ciasteczka z orzechami w\u0142oskimi oraz p\u0142atkami owsianymi<\/a><\/li><li class=\"listing-item\"><a class=\"title\" href=\"https:\/\/www.spadreams.pl\/blog\/ciasteczka-z-kardamonem-w-ajurwedyjskim-stylu\/\">Ciasteczka z kardamonem w ajurwedyjskim stylu<\/a><\/li><li class=\"listing-item\"><a class=\"title\" href=\"https:\/\/www.spadreams.pl\/blog\/sri-lanka-wlasnie-dlatego-powinienes-sie-tam-udac\/\">Sri Lanka \u2013 w\u0142a\u015bnie dlatego powiniene\u015b si\u0119 tam uda\u0107!<\/a><\/li><li class=\"listing-item\"><a class=\"title\" href=\"https:\/\/www.spadreams.pl\/blog\/slowenska-styria\/\">S\u0142owe\u0144ska Styria<\/a><\/li><li class=\"listing-item\"><a class=\"title\" href=\"https:\/\/www.spadreams.pl\/blog\/ajurwedyjskie-typy-konstytucyjne-spokojny-typ-kapha\/\">Ajurwedyjskie typy konstytucyjne: spokojny typ kapha<\/a><\/li><li class=\"listing-item\"><a class=\"title\" href=\"https:\/\/www.spadreams.pl\/blog\/ajurwedyjskie-typy-konstytucyjne-ognista-dosha-pitta\/\">Ajurwedyjskie typy konstytucyjne: ognista dosha pitta<\/a><\/li><li class=\"listing-item\"><a class=\"title\" href=\"https:\/\/www.spadreams.pl\/blog\/ajurwedyjski-typ-konstytucyjny-zmienna-dosha-vata\/\">Ajurwedyjski typ konstytucyjny: zmienna dosha vata<\/a><\/li><li class=\"listing-item\"><a class=\"title\" href=\"https:\/\/www.spadreams.pl\/blog\/slonce-i-morze-zima-3-najbardziej-popularne-cele-podrozy\/\">S\u0142o\u0144ce i morze zim\u0105 &#8211; 3 najbardziej popularne cele podr\u00f3\u017cy<\/a><\/li><li class=\"listing-item\"><a class=\"title\" href=\"https:\/\/www.spadreams.pl\/blog\/schematy-i-ajurweda-prawda-czy-mit\/\">Schematy i ajurweda &#8211; prawda czy mit?<\/a><\/li><li class=\"listing-item\"><a class=\"title\" href=\"https:\/\/www.spadreams.pl\/blog\/bole-plecow-choroba-cywilizacyjna-co-pomaga\/\">B\u00f3le plec\u00f3w chorob\u0105 cywilizacyjn\u0105 &#8211; co pomaga?<\/a><\/li><li class=\"listing-item\"><a class=\"title\" href=\"https:\/\/www.spadreams.pl\/blog\/sprawozdanie-z-podrozy\/\">Sprawozdanie z podr\u00f3\u017cy: odpr\u0119\u017caj\u0105ce dzia\u0142anie postu zdrowotnego<\/a><\/li><li class=\"listing-item\"><a class=\"title\" href=\"https:\/\/www.spadreams.pl\/blog\/nieznana-jordania\/\">Nieznana Jordania \u2013 pustynia, kultura i Morze Martwe<\/a><\/li><li class=\"listing-item\"><a class=\"title\" href=\"https:\/\/www.spadreams.pl\/blog\/5-przepisow-ajurwedyjskich\/\">5 najlepszych przepis\u00f3w ajurwedyjskich do zastosowania w domu<\/a><\/li><li class=\"listing-item\"><a class=\"title\" href=\"https:\/\/www.spadreams.pl\/blog\/slowenskie-wybrzeze-adriatyku\/\">Nieznane miejsca: s\u0142owe\u0144skie wybrze\u017ce Adriatyku<\/a><\/li><li class=\"listing-item\"><a class=\"title\" href=\"https:\/\/www.spadreams.pl\/blog\/kuracje-nad-morzem-baltyckim-urlop-i-kuracja-nad-morzem\/\">Kuracje nad Morzem Ba\u0142tyckim- urlop i kuracja nad morzem<\/a><\/li><li class=\"listing-item\"><a class=\"title\" href=\"https:\/\/www.spadreams.pl\/blog\/luszczyca-formy-terapii-i-podroze-zdrowotne\/\">\u0141uszczyca- formy terapii i podr\u00f3\u017ce zdrowotne<\/a><\/li><li class=\"listing-item\"><a class=\"title\" href=\"https:\/\/www.spadreams.pl\/blog\/kuracja-neurodermitisatopowe-zapalenie-skory-terapia-dla-skory-i-duszy\/\">Kuracja na atopowe zapalenie skory \u2013 terapia dla sk\u00f3ry i duszy<\/a><\/li><li class=\"listing-item\"><a class=\"title\" href=\"https:\/\/www.spadreams.pl\/blog\/menopauza-ajurweda\/\">Relacja: utrata wagi oraz przywr\u00f3cenie \u015bwie\u017cego wygl\u0105du poprzez ajurwed\u0119<\/a><\/li><li class=\"listing-item\"><a class=\"title\" href=\"https:\/\/www.spadreams.pl\/blog\/zabiegi-fango\/\">Zabiegi borowinowe dla zdrowia i witalno\u015bci<\/a><\/li><li class=\"listing-item\"><a class=\"title\" href=\"https:\/\/www.spadreams.pl\/blog\/top-atrakcje-na-wegrzech\/\">Top atrakcje na W\u0119grzech<\/a><\/li><li class=\"listing-item\"><a class=\"title\" href=\"https:\/\/www.spadreams.pl\/blog\/wczasy-detoksykujace-za-granica\/\">Wczasy detoksykuj\u0105ce za granic\u0105- podr\u00f3\u017c po oczyszczenie<\/a><\/li><li class=\"listing-item\"><a class=\"title\" href=\"https:\/\/www.spadreams.pl\/blog\/kuracje-postne\/\">Detoksykacja i oczyszczanie organizmu w Polsce<\/a><\/li><li class=\"listing-item\"><a class=\"title\" href=\"https:\/\/www.spadreams.pl\/blog\/weekend-we-dwoje\/\">Weekend we dwoje- romantyczny wypad do spa i wellness<\/a><\/li><li class=\"listing-item\"><a class=\"title\" href=\"https:\/\/www.spadreams.pl\/blog\/wakacje-dla-singli\/\">Lubisz podr\u00f3\u017cowa\u0107 sam? Wybierz wakacje dla singli<\/a><\/li><li class=\"listing-item\"><a class=\"title\" href=\"https:\/\/www.spadreams.pl\/blog\/odchudzanie-po-swietach\/\">Pozb\u0105d\u017a si\u0119 \u015bwi\u0105tecznych kilogram\u00f3w- detoks i oczyszczanie po \u015bwi\u0119tach<\/a><\/li><li class=\"listing-item\"><a class=\"title\" href=\"https:\/\/www.spadreams.pl\/blog\/spa-czechy\/\">Praga i zachodnioczeski tr\u00f3jk\u0105t uzdrowiskowy, czyli spa i wellness w Czechach<\/a><\/li><li class=\"listing-item\"><a class=\"title\" href=\"https:\/\/www.spadreams.pl\/blog\/spa-wegry\/\">Balaton, Heviz, Budapeszt i wody termalne, czyli wypoczynek na W\u0119grzech<\/a><\/li><li class=\"listing-item\"><a class=\"title\" href=\"https:\/\/www.spadreams.pl\/blog\/leczenie-luszczycy-nam-morzem-martwym\/\">Leczenie \u0142uszczycy nam Morzem Martwym<\/a><\/li><li class=\"listing-item\"><a class=\"title\" href=\"https:\/\/www.spadreams.pl\/blog\/na-czym-polega-kuracja-ajurwedyjska\/\">Na czym polega kuracja ajurwedyjska?<\/a><\/li><li class=\"listing-item\"><a class=\"title\" href=\"https:\/\/www.spadreams.pl\/blog\/wlasciwosci-lecznicze-morza-martwego\/\">W\u0142a\u015bciwo\u015bci lecznicze Morza Martwego<\/a><\/li><li class=\"listing-item\"><a class=\"title\" href=\"https:\/\/www.spadreams.pl\/blog\/nowoczesne-uzdrowiska\/\">Nowoczesne uzdrowiska<\/a><\/li><li class=\"listing-item\"><a class=\"title\" href=\"https:\/\/www.spadreams.pl\/blog\/zabiegi-spa\/\">Zabiegi SPA<\/a><\/li><li class=\"listing-item\"><a class=\"title\" href=\"https:\/\/www.spadreams.pl\/blog\/filozofia-spa-i-wellness\/\">Filozofia SPA i wellness<\/a><\/li><\/ul>\n","protected":false},"excerpt":{"rendered":"<p>Strona startowa Alle Artikel:<\/p>\n","protected":false},"author":3,"featured_media":0,"parent":0,"menu_order":0,"comment_status":"closed","ping_status":"closed","template":"","meta":{"wprm-recipe-roundup-name":"","wprm-recipe-roundup-description":"","footnotes":""},"yoast_head":"<!-- This site is optimized with the Yoast SEO plugin v22.6 - https:\/\/yoast.com\/wordpress\/plugins\/seo\/ -->\n<title>Mapa sytuacyjna - Blog SpaDreams<\/title>\n<meta name=\"robots\" content=\"index, follow, max-snippet:-1, max-image-preview:large, max-video-preview:-1\" \/>\n<meta property=\"og:locale\" content=\"pl_PL\" \/>\n<meta property=\"og:type\" content=\"article\" \/>\n<meta property=\"og:title\" content=\"Mapa sytuacyjna - Blog SpaDreams\" \/>\n<meta property=\"og:description\" content=\"Strona startowa Alle Artikel:\" \/>\n<meta property=\"og:url\" content=\"https:\/\/www.spadreams.pl\/blog\/sitemap\/\" \/>\n<meta property=\"og:site_name\" content=\"Blog SpaDreams\" \/>\n<meta property=\"article:modified_time\" content=\"2019-06-19T10:07:15+00:00\" \/>\n<meta name=\"twitter:card\" content=\"summary_large_image\" \/>\n<script type=\"application\/ld+json\" class=\"yoast-schema-graph\">{\"@context\":\"https:\/\/schema.org\",\"@graph\":[{\"@type\":\"WebPage\",\"@id\":\"https:\/\/www.spadreams.pl\/blog\/sitemap\/\",\"url\":\"https:\/\/www.spadreams.pl\/blog\/sitemap\/\",\"name\":\"Mapa sytuacyjna - Blog SpaDreams\",\"isPartOf\":{\"@id\":\"https:\/\/www.spadreams.pl\/blog\/#website\"},\"datePublished\":\"2019-05-13T11:07:42+00:00\",\"dateModified\":\"2019-06-19T10:07:15+00:00\",\"breadcrumb\":{\"@id\":\"https:\/\/www.spadreams.pl\/blog\/sitemap\/#breadcrumb\"},\"inLanguage\":\"pl-PL\",\"potentialAction\":[{\"@type\":\"ReadAction\",\"target\":[\"https:\/\/www.spadreams.pl\/blog\/sitemap\/\"]}]},{\"@type\":\"BreadcrumbList\",\"@id\":\"https:\/\/www.spadreams.pl\/blog\/sitemap\/#breadcrumb\",\"itemListElement\":[{\"@type\":\"ListItem\",\"position\":1,\"name\":\"Home\",\"item\":\"https:\/\/www.spadreams.pl\/blog\/\"},{\"@type\":\"ListItem\",\"position\":2,\"name\":\"Mapa sytuacyjna\"}]},{\"@type\":\"WebSite\",\"@id\":\"https:\/\/www.spadreams.pl\/blog\/#website\",\"url\":\"https:\/\/www.spadreams.pl\/blog\/\",\"name\":\"Blog SpaDreams\",\"description\":\"blog o SPA, wellness i zdrowiu\",\"potentialAction\":[{\"@type\":\"SearchAction\",\"target\":{\"@type\":\"EntryPoint\",\"urlTemplate\":\"https:\/\/www.spadreams.pl\/blog\/?s={search_term_string}\"},\"query-input\":\"required name=search_term_string\"}],\"inLanguage\":\"pl-PL\"}]}<\/script>\n<!-- \/ Yoast SEO plugin. -->","yoast_head_json":{"title":"Mapa sytuacyjna - Blog SpaDreams","robots":{"index":"index","follow":"follow","max-snippet":"max-snippet:-1","max-image-preview":"max-image-preview:large","max-video-preview":"max-video-preview:-1"},"og_locale":"pl_PL","og_type":"article","og_title":"Mapa sytuacyjna - Blog SpaDreams","og_description":"Strona startowa Alle Artikel:","og_url":"https:\/\/www.spadreams.pl\/blog\/sitemap\/","og_site_name":"Blog SpaDreams","article_modified_time":"2019-06-19T10:07:15+00:00","twitter_card":"summary_large_image","schema":{"@context":"https:\/\/schema.org","@graph":[{"@type":"WebPage","@id":"https:\/\/www.spadreams.pl\/blog\/sitemap\/","url":"https:\/\/www.spadreams.pl\/blog\/sitemap\/","name":"Mapa sytuacyjna - Blog SpaDreams","isPartOf":{"@id":"https:\/\/www.spadreams.pl\/blog\/#website"},"datePublished":"2019-05-13T11:07:42+00:00","dateModified":"2019-06-19T10:07:15+00:00","breadcrumb":{"@id":"https:\/\/www.spadreams.pl\/blog\/sitemap\/#breadcrumb"},"inLanguage":"pl-PL","potentialAction":[{"@type":"ReadAction","target":["https:\/\/www.spadreams.pl\/blog\/sitemap\/"]}]},{"@type":"BreadcrumbList","@id":"https:\/\/www.spadreams.pl\/blog\/sitemap\/#breadcrumb","itemListElement":[{"@type":"ListItem","position":1,"name":"Home","item":"https:\/\/www.spadreams.pl\/blog\/"},{"@type":"ListItem","position":2,"name":"Mapa sytuacyjna"}]},{"@type":"WebSite","@id":"https:\/\/www.spadreams.pl\/blog\/#website","url":"https:\/\/www.spadreams.pl\/blog\/","name":"Blog SpaDreams","description":"blog o SPA, wellness i zdrowiu","potentialAction":[{"@type":"SearchAction","target":{"@type":"EntryPoint","urlTemplate":"https:\/\/www.spadreams.pl\/blog\/?s={search_term_string}"},"query-input":"required name=search_term_string"}],"inLanguage":"pl-PL"}]}},"_links":{"self":[{"href":"https:\/\/www.spadreams.pl\/blog\/wp-json\/wp\/v2\/pages\/1205"}],"collection":[{"href":"https:\/\/www.spadreams.pl\/blog\/wp-json\/wp\/v2\/pages"}],"about":[{"href":"https:\/\/www.spadreams.pl\/blog\/wp-json\/wp\/v2\/types\/page"}],"author":[{"embeddable":true,"href":"https:\/\/www.spadreams.pl\/blog\/wp-json\/wp\/v2\/users\/3"}],"replies":[{"embeddable":true,"href":"https:\/\/www.spadreams.pl\/blog\/wp-json\/wp\/v2\/comments?post=1205"}],"version-history":[{"count":3,"href":"https:\/\/www.spadreams.pl\/blog\/wp-json\/wp\/v2\/pages\/1205\/revisions"}],"predecessor-version":[{"id":1221,"href":"https:\/\/www.spadreams.pl\/blog\/wp-json\/wp\/v2\/pages\/1205\/revisions\/1221"}],"wp:attachment":[{"href":"https:\/\/www.spadreams.pl\/blog\/wp-json\/wp\/v2\/media?parent=1205"}],"curies":[{"name":"wp","href":"https:\/\/api.w.org\/{rel}","templated":true}]}}